{"id":142,"date":"2026-03-25T11:49:52","date_gmt":"2026-03-25T10:49:52","guid":{"rendered":"https:\/\/vontreptow.de\/?page_id=142"},"modified":"2026-03-25T13:27:46","modified_gmt":"2026-03-25T12:27:46","slug":"pjoftrucky","status":"publish","type":"page","link":"https:\/\/vontreptow.de\/en\/pjoftrucky\/","title":{"rendered":"PJofTrucky"},"content":{"rendered":"<p><strong>PJofTrucky<\/strong><\/p>\n<p>Mod version: 1.12.2 for game version: 1.58.xxx<\/p>\n<p><strong>Optional Modification<\/strong><\/p>\n<p>Includes:<\/p>\n<p>Christmas lighting for the box trailer<br \/>-Christmas paintwork on SCS box trailer<br \/>-Grinch size \u2013 paintwork on SCS box trailers<br \/>-MTL-Kappeln paintwork on Volvo FH16 2012 &amp; Schmitz S.CS tarpaulin trailer<br \/>-MTL-Flensburg paintwork on Scania R&amp;S 2016 &amp; Schmitz S.KO refrigerated trailer<\/p>\n<p>&nbsp;<\/p>\n<p><strong>For supporters only<\/strong> <a href=\"https:\/\/graphicsonparts-shop.fourthwall.com\/en-eur\" target=\"_blank\" rel=\"noopener\">GraphicsOnParts Shop<\/a> <strong>available!<\/strong><\/p>\n\n\n<div class=\"wp-block-buttons is-content-justification-center is-layout-flex wp-container-core-buttons-is-layout-69bbf988 wp-block-buttons-is-layout-flex\">\n<div class=\"wp-block-button\"><a class=\"wp-block-button__link wp-element-button\" href=\"https:\/\/graphicsonparts-shop.fourthwall.com\/en-eur\/products\/pjoftrucky\">Download<\/a><\/div>\n<\/div>","protected":false},"excerpt":{"rendered":"<p>PJofTrucky Mod-Version: 1.12.2 f\u00fcr Game-Version: 1.58.xxx Optionale Modification Enth\u00e4lt: -Xmas-beleuchtung f\u00fcr den Kastentrailer-Xmas-Lackierung auf SCS Kastentrailer-Grinchmass &#8211; Lackierung auf SCS Kastentrailer-MTL-Kappeln Lackierung auf Volvo FH16 2012 &amp; Schmitz S.CS Planentrailer-MTL-Flensburg Lackierung auf Scania R&amp;S 2016 &amp; Schmitz S.KO K\u00fchlertrailer &nbsp; Nur f\u00fcr Supporter im GraphicsOnParts-Shop erh\u00e4ltlich!<\/p>","protected":false},"author":278653653,"featured_media":0,"parent":0,"menu_order":0,"comment_status":"closed","ping_status":"closed","template":"","meta":{"_crdt_document":"","advanced_seo_description":"","jetpack_seo_html_title":"","jetpack_seo_noindex":false,"footnotes":""},"class_list":["post-142","page","type-page","status-publish","hentry"],"jetpack_sharing_enabled":true,"jetpack_likes_enabled":true,"jetpack-related-posts":[],"_links":{"self":[{"href":"https:\/\/vontreptow.de\/en\/wp-json\/wp\/v2\/pages\/142","targetHints":{"allow":["GET"]}}],"collection":[{"href":"https:\/\/vontreptow.de\/en\/wp-json\/wp\/v2\/pages"}],"about":[{"href":"https:\/\/vontreptow.de\/en\/wp-json\/wp\/v2\/types\/page"}],"author":[{"embeddable":true,"href":"https:\/\/vontreptow.de\/en\/wp-json\/wp\/v2\/users\/278653653"}],"replies":[{"embeddable":true,"href":"https:\/\/vontreptow.de\/en\/wp-json\/wp\/v2\/comments?post=142"}],"version-history":[{"count":5,"href":"https:\/\/vontreptow.de\/en\/wp-json\/wp\/v2\/pages\/142\/revisions"}],"predecessor-version":[{"id":183,"href":"https:\/\/vontreptow.de\/en\/wp-json\/wp\/v2\/pages\/142\/revisions\/183"}],"wp:attachment":[{"href":"https:\/\/vontreptow.de\/en\/wp-json\/wp\/v2\/media?parent=142"}],"curies":[{"name":"wp","href":"https:\/\/api.w.org\/{rel}","templated":true}]}}